{"id":3613,"date":"2023-11-20T19:17:31","date_gmt":"2023-11-20T18:17:31","guid":{"rendered":"https:\/\/entradas.agromunity.com\/?page_id=3613"},"modified":"2024-05-16T10:54:29","modified_gmt":"2024-05-16T08:54:29","slug":"citrus-forum-2024","status":"publish","type":"page","link":"https:\/\/entradas.agromunity.com\/en\/citrus-forum-2024\/","title":{"rendered":"Citrus Forum 2024"},"content":{"rendered":"\t\t<div data-elementor-type=\"wp-page\" data-elementor-id=\"3613\" class=\"elementor elementor-3613\" data-elementor-post-type=\"page\">\n\t\t\t\t<div data-particle_enable=\"false\" data-particle-mobile-disabled=\"false\" data-dce-background-overlay-color=\"#999612\" data-dce-background-image-url=\"https:\/\/entradas.agromunity.com\/wp-content\/uploads\/2023\/11\/fondo-inicio.jpg\" class=\"elementor-element elementor-element-fd57aa2 e-con-full e-flex e-con e-parent\" data-id=\"fd57aa2\" data-element_type=\"container\" data-e-type=\"container\" data-settings=\"{&quot;jet_parallax_layout_list&quot;:[],&quot;background_background&quot;:&quot;classic&quot;}\">\n\t\t<div data-particle_enable=\"false\" data-particle-mobile-disabled=\"false\" data-dce-background-overlay-color=\"#999612\" data-dce-background-image-url=\"https:\/\/entradas.agromunity.com\/wp-content\/uploads\/2023\/11\/fondo-inicio.jpg\" class=\"elementor-element elementor-element-fdd9ecf e-con-full e-flex e-con e-child\" data-id=\"fdd9ecf\" data-element_type=\"container\" data-e-type=\"container\" data-settings=\"{&quot;background_background&quot;:&quot;classic&quot;,&quot;jet_parallax_layout_list&quot;:[]}\">\n\t\t<div data-particle_enable=\"false\" data-particle-mobile-disabled=\"false\" class=\"elementor-element elementor-element-dc9ae93 e-con-full e-flex e-con e-child\" data-id=\"dc9ae93\" data-element_type=\"container\" data-e-type=\"container\" data-settings=\"{&quot;jet_parallax_layout_list&quot;:[]}\">\n\t\t\t\t<div data-dce-title-color=\"#FFFFFF\" class=\"elementor-element elementor-element-6877609 elementor-widget elementor-widget-heading\" data-id=\"6877609\" data-element_type=\"widget\" data-e-type=\"widget\" data-widget_type=\"heading.default\">\n\t\t\t\t<div class=\"elementor-widget-container\">\n\t\t\t\t\t<h6 class=\"elementor-heading-title elementor-size-default\">NUEVO <span style=\"color: #FFA802\">EVENTO<\/span><\/h6>\t\t\t\t<\/div>\n\t\t\t\t<\/div>\n\t\t\t\t<div class=\"elementor-element elementor-element-cac4bd1 dce_masking-none elementor-widget elementor-widget-image\" data-id=\"cac4bd1\" data-element_type=\"widget\" data-e-type=\"widget\" data-widget_type=\"image.default\">\n\t\t\t\t<div class=\"elementor-widget-container\">\n\t\t\t\t\t\t\t\t\t\t\t\t\t\t\t<img decoding=\"async\" width=\"236\" height=\"101\" src=\"https:\/\/entradas.agromunity.com\/wp-content\/uploads\/2023\/11\/logo-Citrus_blanco.svg\" class=\"attachment-medium size-medium wp-image-3641\" alt=\"\" \/>\t\t\t\t\t\t\t\t\t\t\t\t\t\t\t<\/div>\n\t\t\t\t<\/div>\n\t\t\t\t<div data-dce-title-color=\"#FFFFFF\" class=\"elementor-element elementor-element-bd0cb83 elementor-widget elementor-widget-heading\" data-id=\"bd0cb83\" data-element_type=\"widget\" data-e-type=\"widget\" data-widget_type=\"heading.default\">\n\t\t\t\t<div class=\"elementor-widget-container\">\n\t\t\t\t\t<h6 class=\"elementor-heading-title elementor-size-default\">CITRUS <span style=\"color: #FFA802\">FORUM 2024<\/span><\/h6>\t\t\t\t<\/div>\n\t\t\t\t<\/div>\n\t\t\t\t<div data-dce-text-color=\"#FFFFFF\" class=\"elementor-element elementor-element-103f9b2 elementor-tablet-align-center elementor-icon-list--layout-traditional elementor-list-item-link-full_width elementor-widget elementor-widget-icon-list\" data-id=\"103f9b2\" data-element_type=\"widget\" data-e-type=\"widget\" data-widget_type=\"icon-list.default\">\n\t\t\t\t<div class=\"elementor-widget-container\">\n\t\t\t\t\t\t\t<ul class=\"elementor-icon-list-items\">\n\t\t\t\t\t\t\t<li class=\"elementor-icon-list-item\">\n\t\t\t\t\t\t\t\t\t\t\t<span class=\"elementor-icon-list-icon\">\n\t\t\t\t\t\t\t<i aria-hidden=\"true\" class=\"far fa-calendar-check\"><\/i>\t\t\t\t\t\t<\/span>\n\t\t\t\t\t\t\t\t\t\t<span class=\"elementor-icon-list-text\">28 &amp; 29 de Mayo 2024 \u00b7 30 de Mayo online<\/span>\n\t\t\t\t\t\t\t\t\t<\/li>\n\t\t\t\t\t\t\t\t<li class=\"elementor-icon-list-item\">\n\t\t\t\t\t\t\t\t\t\t\t<span class=\"elementor-icon-list-icon\">\n\t\t\t\t\t\t\t<i aria-hidden=\"true\" class=\"fas fa-map-marker-alt\"><\/i>\t\t\t\t\t\t<\/span>\n\t\t\t\t\t\t\t\t\t\t<span class=\"elementor-icon-list-text\">Palacio de Congresos de Valencia<\/span>\n\t\t\t\t\t\t\t\t\t<\/li>\n\t\t\t\t\t\t<\/ul>\n\t\t\t\t\t\t<\/div>\n\t\t\t\t<\/div>\n\t\t\t\t<div data-dce-title-color=\"#FFFFFF\" class=\"elementor-element elementor-element-ae35d00 elementor-widget elementor-widget-heading\" data-id=\"ae35d00\" data-element_type=\"widget\" data-e-type=\"widget\" data-widget_type=\"heading.default\">\n\t\t\t\t<div class=\"elementor-widget-container\">\n\t\t\t\t\t<p class=\"elementor-heading-title elementor-size-default\">Un evento imprescindible para ponerte al d\u00eda en el sector citr\u00edcola. En Citrus Forum 2024 se ofrece conocimiento e innovaci\u00f3n sirviendo como nexo de uni\u00f3n para la conexi\u00f3n de profesionales y la creaci\u00f3n de sinergias que aporten valor.<\/p>\t\t\t\t<\/div>\n\t\t\t\t<\/div>\n\t\t\t\t<div class=\"elementor-element elementor-element-069727a elementor-widget__width-initial elementor-widget-tablet__width-initial elementor-hidden-mobile dce_masking-none elementor-widget elementor-widget-image\" data-id=\"069727a\" data-element_type=\"widget\" data-e-type=\"widget\" data-widget_type=\"image.default\">\n\t\t\t\t<div class=\"elementor-widget-container\">\n\t\t\t\t\t\t\t\t\t\t\t\t\t\t\t\t<a href=\"https:\/\/citrusforum.es\" target=\"_blank\" rel=\"noopener\">\n\t\t\t\t\t\t\t<img fetchpriority=\"high\" decoding=\"async\" width=\"400\" height=\"300\" src=\"https:\/\/entradas.agromunity.com\/wp-content\/uploads\/2024\/04\/Informacion-aqui.png\" class=\"attachment-large size-large wp-image-5034\" alt=\"\" srcset=\"https:\/\/entradas.agromunity.com\/wp-content\/uploads\/2024\/04\/Informacion-aqui.png 400w, https:\/\/entradas.agromunity.com\/wp-content\/uploads\/2024\/04\/Informacion-aqui-300x225.png 300w, https:\/\/entradas.agromunity.com\/wp-content\/uploads\/2024\/04\/Informacion-aqui-16x12.png 16w\" sizes=\"(max-width: 400px) 100vw, 400px\" \/>\t\t\t\t\t\t\t\t<\/a>\n\t\t\t\t\t\t\t\t\t\t\t\t\t\t\t<\/div>\n\t\t\t\t<\/div>\n\t\t\t\t<\/div>\n\t\t<div data-particle_enable=\"false\" data-particle-mobile-disabled=\"false\" class=\"elementor-element elementor-element-0fdd4a6 e-con-full e-flex e-con e-child\" data-id=\"0fdd4a6\" data-element_type=\"container\" data-e-type=\"container\" data-settings=\"{&quot;jet_parallax_layout_list&quot;:[]}\">\n\t\t\t\t<div class=\"elementor-element elementor-element-ceabb13 elementor-hidden-mobile elementor-widget elementor-widget-spacer\" data-id=\"ceabb13\" data-element_type=\"widget\" data-e-type=\"widget\" data-widget_type=\"spacer.default\">\n\t\t\t\t<div class=\"elementor-widget-container\">\n\t\t\t\t\t\t\t<div class=\"elementor-spacer\">\n\t\t\t<div class=\"elementor-spacer-inner\"><\/div>\n\t\t<\/div>\n\t\t\t\t\t\t<\/div>\n\t\t\t\t<\/div>\n\t\t\t\t<div class=\"elementor-element elementor-element-ad8392e elementor-widget elementor-widget-shortcode\" data-id=\"ad8392e\" data-element_type=\"widget\" data-e-type=\"widget\" data-widget_type=\"shortcode.default\">\n\t\t\t\t<div class=\"elementor-widget-container\">\n\t\t\t\t\t\t\t<div class=\"elementor-shortcode\">[tribe_tickets post_id=\"3603\"]<\/div>\n\t\t\t\t\t\t<\/div>\n\t\t\t\t<\/div>\n\t\t\t\t<\/div>\n\t\t<div data-particle_enable=\"false\" data-particle-mobile-disabled=\"false\" class=\"elementor-element elementor-element-8bda40a e-con-full elementor-hidden-desktop e-flex e-con e-child\" data-id=\"8bda40a\" data-element_type=\"container\" data-e-type=\"container\" data-settings=\"{&quot;jet_parallax_layout_list&quot;:[]}\">\n\t\t\t\t<\/div>\n\t\t\t\t<\/div>\n\t\t\t\t<\/div>\n\t\t\t\t<\/div>\n\t\t","protected":false},"excerpt":{"rendered":"<p>NUEVO EVENTO CITRUS FORUM 2024 28 &#038; 29 de Mayo 2024 \u00b7 30 de Mayo online Palacio de Congresos de Valencia Un evento imprescindible para ponerte al d\u00eda en el sector citr\u00edcola. En Citrus Forum 2024 se ofrece conocimiento e innovaci\u00f3n sirviendo como nexo de uni\u00f3n para la conexi\u00f3n de profesionales y la creaci\u00f3n de [&hellip;]<\/p>\n","protected":false},"author":7,"featured_media":0,"parent":0,"menu_order":0,"comment_status":"closed","ping_status":"closed","template":"elementor_header_footer","meta":{"inline_featured_image":false,"footnotes":""},"class_list":["post-3613","page","type-page","status-publish","hentry"],"_links":{"self":[{"href":"https:\/\/entradas.agromunity.com\/en\/wp-json\/wp\/v2\/pages\/3613","targetHints":{"allow":["GET"]}}],"collection":[{"href":"https:\/\/entradas.agromunity.com\/en\/wp-json\/wp\/v2\/pages"}],"about":[{"href":"https:\/\/entradas.agromunity.com\/en\/wp-json\/wp\/v2\/types\/page"}],"author":[{"embeddable":true,"href":"https:\/\/entradas.agromunity.com\/en\/wp-json\/wp\/v2\/users\/7"}],"replies":[{"embeddable":true,"href":"https:\/\/entradas.agromunity.com\/en\/wp-json\/wp\/v2\/comments?post=3613"}],"version-history":[{"count":0,"href":"https:\/\/entradas.agromunity.com\/en\/wp-json\/wp\/v2\/pages\/3613\/revisions"}],"wp:attachment":[{"href":"https:\/\/entradas.agromunity.com\/en\/wp-json\/wp\/v2\/media?parent=3613"}],"curies":[{"name":"wp","href":"https:\/\/api.w.org\/{rel}","templated":true}]}}